{"id":198,"date":"2019-10-07T16:47:40","date_gmt":"2019-10-07T14:47:40","guid":{"rendered":"http:\/\/fms-foerderverein.de\/de\/?page_id=198"},"modified":"2022-02-25T23:45:24","modified_gmt":"2022-02-25T22:45:24","slug":"aktionen","status":"publish","type":"page","link":"https:\/\/fms-foerderverein.de\/de\/der-verein\/aktionen\/","title":{"rendered":"Was wir tun"},"content":{"rendered":"\n<h2>Eine Auswahl&#8230;.<\/h2>\n\n\n\n<p>Elys\u00e9efest, <\/p>\n\n\n\n<p>Buchgutscheine f\u00fcr Gewinner des Lesewettbewerbes  3.+4.Klasse<\/p>\n\n\n\n<p>Unterst\u00fctzung bei Gastaufenthalt der fraz\u00f6sischen Partnerschule<\/p>\n\n\n\n<p>Sportmobil f\u00fcr Sportfest<\/p>\n\n\n\n<p>Sommerfest, Standbetreuung und Siegerehrung (SzFzS)<\/p>\n\n\n\n<p>Blumengru\u00df Verabschiedung 4. Klassen,  Buchgutscheine f\u00fcr Einser-Zeugnisse<\/p>\n\n\n\n<p>Blumengru\u00df f\u00fcr die Erstkl\u00e4ssler  zur Einschulung<\/p>\n\n\n\n<p>Jahreshauptversammlung November <\/p>\n\n\n\n<p>St\u00f6tteritzer Weihnachtsmarkt 1. Advent Sonntag<\/p>\n\n\n\n<p>Weihnachtswette &#8211; REWE <\/p>\n\n\n\n<p><\/p>\n\n\n\n<h2>Aktuelle Projekte:<\/h2>\n\n\n\n<p><br>Buchhaltung mit Verwaltung u. a. der Klassen- und Austauschfahrten<\/p>\n\n\n\n<p>Mitgliederpflege<\/p>\n\n\n\n<p><br>Quartalstreffen Mitglieder, Monatliche Treffen<\/p>\n\n\n\n<p>Absprachen mit Direktorinnen + Hort<\/p>\n\n\n\n<p><br> Pflege Website, Aush\u00e4nge und Informationsschreiben<\/p>\n\n\n\n<p>Pergola\/gr\u00fcnes Klassenzimmer Wiederer\u00f6ffnung \u00fcber Werterhalter der Schule erreichen<\/p>\n\n\n\n<p> Pflanzenpflege im Schulhaus<\/p>\n\n\n\n<p>Rosenbeetpflege<\/p>\n\n\n\n<p>Anschaffung Robotikmaterial &amp; Tischkicker <\/p>\n","protected":false},"excerpt":{"rendered":"<p>Eine Auswahl&#8230;. Elys\u00e9efest, Buchgutscheine f\u00fcr Gewinner des Lesewettbewerbes 3.+4.Klasse Unterst\u00fctzung bei Gastaufenthalt der fraz\u00f6sischen Partnerschule Sportmobil f\u00fcr Sportfest Sommerfest, Standbetreuung und Siegerehrung (SzFzS) Blumengru\u00df Verabschiedung 4. Klassen, Buchgutscheine f\u00fcr Einser-Zeugnisse Blumengru\u00df f\u00fcr die Erstkl\u00e4ssler zur Einschulung Jahreshauptversammlung November St\u00f6tteritzer Weihnachtsmarkt 1. Advent Sonntag Weihnachtswette &#8211; REWE Aktuelle Projekte: Buchhaltung mit Verwaltung u. a. der Klassen- &hellip; <\/p>\n<p class=\"link-more\"><a href=\"https:\/\/fms-foerderverein.de\/de\/der-verein\/aktionen\/\" class=\"more-link\"><span class=\"screen-reader-text\">\u201eWas wir tun\u201c<\/span> weiterlesen<\/a><\/p>\n","protected":false},"author":1,"featured_media":0,"parent":195,"menu_order":1,"comment_status":"closed","ping_status":"closed","template":"","meta":{"_EventAllDay":false,"_EventTimezone":"","_EventStartDate":"","_EventEndDate":"","_EventStartDateUTC":"","_EventEndDateUTC":"","_EventShowMap":false,"_EventShowMapLink":false,"_EventURL":"","_EventCost":"","_EventCostDescription":"","_EventCurrencySymbol":"","_EventCurrencyCode":"","_EventCurrencyPosition":"","_EventDateTimeSeparator":"","_EventTimeRangeSeparator":"","_EventOrganizerID":[],"_EventVenueID":0,"_OrganizerEmail":"","_OrganizerPhone":"","_OrganizerWebsite":"","_VenueAddress":"","_VenueCity":"","_VenueCountry":"","_VenueProvince":"","_VenueZip":"","_VenuePhone":"","_VenueURL":"","_VenueStateProvince":"","_VenueLat":"","_VenueLng":""},"_links":{"self":[{"href":"https:\/\/fms-foerderverein.de\/de\/wp-json\/wp\/v2\/pages\/198"}],"collection":[{"href":"https:\/\/fms-foerderverein.de\/de\/wp-json\/wp\/v2\/pages"}],"about":[{"href":"https:\/\/fms-foerderverein.de\/de\/wp-json\/wp\/v2\/types\/page"}],"author":[{"embeddable":true,"href":"https:\/\/fms-foerderverein.de\/de\/wp-json\/wp\/v2\/users\/1"}],"replies":[{"embeddable":true,"href":"https:\/\/fms-foerderverein.de\/de\/wp-json\/wp\/v2\/comments?post=198"}],"version-history":[{"count":11,"href":"https:\/\/fms-foerderverein.de\/de\/wp-json\/wp\/v2\/pages\/198\/revisions"}],"predecessor-version":[{"id":620,"href":"https:\/\/fms-foerderverein.de\/de\/wp-json\/wp\/v2\/pages\/198\/revisions\/620"}],"up":[{"embeddable":true,"href":"https:\/\/fms-foerderverein.de\/de\/wp-json\/wp\/v2\/pages\/195"}],"wp:attachment":[{"href":"https:\/\/fms-foerderverein.de\/de\/wp-json\/wp\/v2\/media?parent=198"}],"curies":[{"name":"wp","href":"https:\/\/api.w.org\/{rel}","templated":true}]}}