{"id":208,"date":"2019-10-07T17:12:17","date_gmt":"2019-10-07T15:12:17","guid":{"rendered":"http:\/\/fms-foerderverein.de\/de\/?page_id=208"},"modified":"2021-10-11T11:58:53","modified_gmt":"2021-10-11T09:58:53","slug":"mitmachen-unterstuetzen","status":"publish","type":"page","link":"https:\/\/fms-foerderverein.de\/de\/mitmachen-unterstuetzen\/","title":{"rendered":"Wie kann ich den Verein unterst\u00fctzen?"},"content":{"rendered":"\n<p>Sie m\u00f6chten unseren Verein mit Ihrer Mitarbeit unterst\u00fctzen, oder uns &#8222;einfach nur&#8220; finanziell unter die Arme greifen? Dar\u00fcber freuen wir uns sehr!<\/p>\n\n\n\n<p>Wir freuen uns, wenn Sie Kontakt zu uns aufnehmen, damit wir \u00fcber Details sprechen k\u00f6nnen.<\/p>\n\n\n\n<h1>Mach\u00b4s wie wir, mach mit! <\/h1>\n\n\n\n<figure class=\"wp-block-gallery columns-1 is-cropped\"><ul class=\"blocks-gallery-grid\"><li class=\"blocks-gallery-item\"><figure><img loading=\"lazy\" width=\"1024\" height=\"682\" src=\"http:\/\/fms-foerderverein.de\/de\/wp-content\/uploads\/2021\/09\/machs-wie-marika-1024x682.jpg\" alt=\"\" data-id=\"572\" data-full-url=\"http:\/\/fms-foerderverein.de\/de\/wp-content\/uploads\/2021\/09\/machs-wie-marika.jpg\" data-link=\"https:\/\/fms-foerderverein.de\/de\/der-verein\/machs-wie-marika\/\" class=\"wp-image-572\" srcset=\"https:\/\/fms-foerderverein.de\/de\/wp-content\/uploads\/2021\/09\/machs-wie-marika-1024x682.jpg 1024w, https:\/\/fms-foerderverein.de\/de\/wp-content\/uploads\/2021\/09\/machs-wie-marika-300x200.jpg 300w, https:\/\/fms-foerderverein.de\/de\/wp-content\/uploads\/2021\/09\/machs-wie-marika-768x512.jpg 768w, https:\/\/fms-foerderverein.de\/de\/wp-content\/uploads\/2021\/09\/machs-wie-marika-1536x1024.jpg 1536w, https:\/\/fms-foerderverein.de\/de\/wp-content\/uploads\/2021\/09\/machs-wie-marika.jpg 2000w\" sizes=\"(max-width: 767px) 89vw, (max-width: 1000px) 54vw, (max-width: 1071px) 543px, 580px\" \/><figcaption class=\"blocks-gallery-item__caption\">Mach`s wie Marika, mach mit!<\/figcaption><\/figure><\/li><li class=\"blocks-gallery-item\"><figure><img loading=\"lazy\" width=\"1024\" height=\"682\" src=\"http:\/\/fms-foerderverein.de\/de\/wp-content\/uploads\/2021\/09\/machs-wie-michael-1024x682.jpg\" alt=\"\" data-id=\"573\" data-full-url=\"http:\/\/fms-foerderverein.de\/de\/wp-content\/uploads\/2021\/09\/machs-wie-michael.jpg\" data-link=\"https:\/\/fms-foerderverein.de\/de\/der-verein\/machs-wie-michael\/\" class=\"wp-image-573\" srcset=\"https:\/\/fms-foerderverein.de\/de\/wp-content\/uploads\/2021\/09\/machs-wie-michael-1024x682.jpg 1024w, https:\/\/fms-foerderverein.de\/de\/wp-content\/uploads\/2021\/09\/machs-wie-michael-300x200.jpg 300w, https:\/\/fms-foerderverein.de\/de\/wp-content\/uploads\/2021\/09\/machs-wie-michael-768x512.jpg 768w, https:\/\/fms-foerderverein.de\/de\/wp-content\/uploads\/2021\/09\/machs-wie-michael-1536x1024.jpg 1536w, https:\/\/fms-foerderverein.de\/de\/wp-content\/uploads\/2021\/09\/machs-wie-michael.jpg 2000w\" sizes=\"(max-width: 767px) 89vw, (max-width: 1000px) 54vw, (max-width: 1071px) 543px, 580px\" \/><figcaption class=\"blocks-gallery-item__caption\">Mach`s wie Michael, mach mit!<\/figcaption><\/figure><\/li><li class=\"blocks-gallery-item\"><figure><img loading=\"lazy\" width=\"1024\" height=\"682\" src=\"http:\/\/fms-foerderverein.de\/de\/wp-content\/uploads\/2021\/09\/machs-wie-juliane-1024x682.jpg\" alt=\"\" data-id=\"570\" data-full-url=\"http:\/\/fms-foerderverein.de\/de\/wp-content\/uploads\/2021\/09\/machs-wie-juliane.jpg\" data-link=\"https:\/\/fms-foerderverein.de\/de\/der-verein\/machs-wie-juliane\/\" class=\"wp-image-570\" srcset=\"https:\/\/fms-foerderverein.de\/de\/wp-content\/uploads\/2021\/09\/machs-wie-juliane-1024x682.jpg 1024w, https:\/\/fms-foerderverein.de\/de\/wp-content\/uploads\/2021\/09\/machs-wie-juliane-300x200.jpg 300w, https:\/\/fms-foerderverein.de\/de\/wp-content\/uploads\/2021\/09\/machs-wie-juliane-768x512.jpg 768w, https:\/\/fms-foerderverein.de\/de\/wp-content\/uploads\/2021\/09\/machs-wie-juliane-1536x1024.jpg 1536w, https:\/\/fms-foerderverein.de\/de\/wp-content\/uploads\/2021\/09\/machs-wie-juliane.jpg 2000w\" sizes=\"(max-width: 767px) 89vw, (max-width: 1000px) 54vw, (max-width: 1071px) 543px, 580px\" \/><figcaption class=\"blocks-gallery-item__caption\">Mach`s wie Juliane, mach mit!<\/figcaption><\/figure><\/li><li class=\"blocks-gallery-item\"><figure><img loading=\"lazy\" width=\"1024\" height=\"682\" src=\"http:\/\/fms-foerderverein.de\/de\/wp-content\/uploads\/2021\/09\/machs-wie-dieter-1024x682.jpg\" alt=\"\" data-id=\"569\" data-full-url=\"http:\/\/fms-foerderverein.de\/de\/wp-content\/uploads\/2021\/09\/machs-wie-dieter.jpg\" data-link=\"https:\/\/fms-foerderverein.de\/de\/der-verein\/machs-wie-dieter\/\" class=\"wp-image-569\" srcset=\"https:\/\/fms-foerderverein.de\/de\/wp-content\/uploads\/2021\/09\/machs-wie-dieter-1024x682.jpg 1024w, https:\/\/fms-foerderverein.de\/de\/wp-content\/uploads\/2021\/09\/machs-wie-dieter-300x200.jpg 300w, https:\/\/fms-foerderverein.de\/de\/wp-content\/uploads\/2021\/09\/machs-wie-dieter-768x512.jpg 768w, https:\/\/fms-foerderverein.de\/de\/wp-content\/uploads\/2021\/09\/machs-wie-dieter-1536x1024.jpg 1536w, https:\/\/fms-foerderverein.de\/de\/wp-content\/uploads\/2021\/09\/machs-wie-dieter.jpg 2000w\" sizes=\"(max-width: 767px) 89vw, (max-width: 1000px) 54vw, (max-width: 1071px) 543px, 580px\" \/><figcaption class=\"blocks-gallery-item__caption\">Mach`s wie Dieter, mach mit!<\/figcaption><\/figure><\/li><li class=\"blocks-gallery-item\"><figure><img loading=\"lazy\" width=\"1024\" height=\"682\" src=\"http:\/\/fms-foerderverein.de\/de\/wp-content\/uploads\/2021\/09\/machs-wie-sara-1024x682.jpg\" alt=\"\" data-id=\"568\" data-full-url=\"http:\/\/fms-foerderverein.de\/de\/wp-content\/uploads\/2021\/09\/machs-wie-sara.jpg\" data-link=\"https:\/\/fms-foerderverein.de\/de\/der-verein\/machs-wie-sara\/\" class=\"wp-image-568\" srcset=\"https:\/\/fms-foerderverein.de\/de\/wp-content\/uploads\/2021\/09\/machs-wie-sara-1024x682.jpg 1024w, https:\/\/fms-foerderverein.de\/de\/wp-content\/uploads\/2021\/09\/machs-wie-sara-300x200.jpg 300w, https:\/\/fms-foerderverein.de\/de\/wp-content\/uploads\/2021\/09\/machs-wie-sara-768x512.jpg 768w, https:\/\/fms-foerderverein.de\/de\/wp-content\/uploads\/2021\/09\/machs-wie-sara-1536x1024.jpg 1536w, https:\/\/fms-foerderverein.de\/de\/wp-content\/uploads\/2021\/09\/machs-wie-sara.jpg 2000w\" sizes=\"(max-width: 767px) 89vw, (max-width: 1000px) 54vw, (max-width: 1071px) 543px, 580px\" \/><figcaption class=\"blocks-gallery-item__caption\">Mach`s wie Sara, mach mit!<\/figcaption><\/figure><\/li><\/ul><\/figure>\n\n\n\n<hr class=\"wp-block-separator is-style-wide\"\/>\n\n\n\n<h2>Spenden<\/h2>\n\n\n\n<p>Schreiben Sie uns einfach eine kurze Mail (<strong>info@fms-foerderverein.de<\/strong>) mit Ihrem Anliegen und Kontaktdaten, wir setzten uns dann schnellstm\u00f6glich mit Ihnen in Verbindung. <\/p>\n\n\n\n<h2>Mitglied werden<\/h2>\n\n\n\n<figure class=\"wp-block-image size-full\"><a href=\"http:\/\/fms-foerderverein.de\/de\/wp-content\/uploads\/2021\/09\/fms-beitrittserklaerung-2021-A4-web.pdf\"><img loading=\"lazy\" width=\"842\" height=\"595\" src=\"http:\/\/fms-foerderverein.de\/de\/wp-content\/uploads\/2021\/09\/fms-beitrittserklaerung-202.jpg\" alt=\"\" class=\"wp-image-550\" srcset=\"https:\/\/fms-foerderverein.de\/de\/wp-content\/uploads\/2021\/09\/fms-beitrittserklaerung-202.jpg 842w, https:\/\/fms-foerderverein.de\/de\/wp-content\/uploads\/2021\/09\/fms-beitrittserklaerung-202-300x212.jpg 300w, https:\/\/fms-foerderverein.de\/de\/wp-content\/uploads\/2021\/09\/fms-beitrittserklaerung-202-768x543.jpg 768w\" sizes=\"(max-width: 767px) 89vw, (max-width: 1000px) 54vw, (max-width: 1071px) 543px, 580px\" \/><\/a><\/figure>\n\n\n\n<p><a href=\"http:\/\/fms-foerderverein.de\/de\/wp-content\/uploads\/2021\/09\/fms-beitrittserklaerung-2021-A4-web.pdf\">Hier k\u00f6nnen Sie das Beitrittsformular herunterladen. <\/a><\/p>\n\n\n\n<p>F\u00fcllen Sie dies bitte per Hand aus und stecken es unterschrieben  in den Briefkasten der Schule oder geben sie es im Schulsekretariat ab. <\/p>\n\n\n\n<hr class=\"wp-block-separator\"\/>\n\n\n\n<h2>Papier sammeln und in unsere Tonne legen<\/h2>\n\n\n\n<p>Seit 2019 k\u00f6nnen Sie unsere Arbeit auch f\u00f6rdern, indem Sie Ihre nicht mehr ben\u00f6tigten Zeitschriften und Zeitungen in unsere Papiertonne bringen.<\/p>\n\n\n\n<p>Seit dem 1.1.2020 erhalten wir von der Firma MAD Recycling GmbH 50 \u20ac f\u00fcr die Tonne Papier. <\/p>\n\n\n\n<figure class=\"wp-block-image size-large\"><img loading=\"lazy\" width=\"1024\" height=\"683\" src=\"http:\/\/fms-foerderverein.de\/de\/wp-content\/uploads\/2020\/02\/IMG_8309-1024x683.jpg\" alt=\"\" class=\"wp-image-362\" srcset=\"https:\/\/fms-foerderverein.de\/de\/wp-content\/uploads\/2020\/02\/IMG_8309-1024x683.jpg 1024w, https:\/\/fms-foerderverein.de\/de\/wp-content\/uploads\/2020\/02\/IMG_8309-300x200.jpg 300w, https:\/\/fms-foerderverein.de\/de\/wp-content\/uploads\/2020\/02\/IMG_8309-768x512.jpg 768w, https:\/\/fms-foerderverein.de\/de\/wp-content\/uploads\/2020\/02\/IMG_8309-1536x1024.jpg 1536w, https:\/\/fms-foerderverein.de\/de\/wp-content\/uploads\/2020\/02\/IMG_8309-2048x1365.jpg 2048w\" sizes=\"(max-width: 767px) 89vw, (max-width: 1000px) 54vw, (max-width: 1071px) 543px, 580px\" \/><\/figure>\n\n\n\n<hr class=\"wp-block-separator is-style-wide\"\/>\n\n\n\n<blockquote class=\"wp-block-quote\"><p>Wo finde ich die Papiertonne des F\u00f6rdervereins?<\/p><cite>Claudia, Mutter von Ben<\/cite><\/blockquote>\n\n\n\n<hr class=\"wp-block-separator is-style-wide\"\/>\n\n\n\n<figure class=\"wp-block-image size-large\"><img loading=\"lazy\" width=\"1024\" height=\"751\" src=\"http:\/\/fms-foerderverein.de\/de\/wp-content\/uploads\/2019\/04\/header-sommer-1024x751.jpg\" alt=\"\" class=\"wp-image-9\" srcset=\"https:\/\/fms-foerderverein.de\/de\/wp-content\/uploads\/2019\/04\/header-sommer-1024x751.jpg 1024w, https:\/\/fms-foerderverein.de\/de\/wp-content\/uploads\/2019\/04\/header-sommer-300x220.jpg 300w, https:\/\/fms-foerderverein.de\/de\/wp-content\/uploads\/2019\/04\/header-sommer-768x564.jpg 768w, https:\/\/fms-foerderverein.de\/de\/wp-content\/uploads\/2019\/04\/header-sommer-1200x881.jpg 1200w, https:\/\/fms-foerderverein.de\/de\/wp-content\/uploads\/2019\/04\/header-sommer.jpg 1300w\" sizes=\"(max-width: 767px) 89vw, (max-width: 1000px) 54vw, (max-width: 1071px) 543px, 580px\" \/><\/figure>\n\n\n\n<p> <em>Direkt neben dem Eingang Kommanant-.Prendel-Allee, am M\u00fclltonnenplatz, finden Sie unsere Papiertonne<\/em> <\/p>\n\n\n\n<figure class=\"wp-block-gallery columns-3 is-cropped\"><ul class=\"blocks-gallery-grid\"><li class=\"blocks-gallery-item\"><figure><img loading=\"lazy\" width=\"1024\" height=\"768\" src=\"http:\/\/fms-foerderverein.de\/de\/wp-content\/uploads\/2020\/01\/20190518_124453-1024x768.jpg\" alt=\"\" data-id=\"318\" data-full-url=\"http:\/\/fms-foerderverein.de\/de\/wp-content\/uploads\/2020\/01\/20190518_124453-scaled.jpg\" data-link=\"http:\/\/fms-foerderverein.de\/de\/20190518_124453\/\" class=\"wp-image-318\" srcset=\"https:\/\/fms-foerderverein.de\/de\/wp-content\/uploads\/2020\/01\/20190518_124453-1024x768.jpg 1024w, https:\/\/fms-foerderverein.de\/de\/wp-content\/uploads\/2020\/01\/20190518_124453-300x225.jpg 300w, https:\/\/fms-foerderverein.de\/de\/wp-content\/uploads\/2020\/01\/20190518_124453-768x576.jpg 768w, https:\/\/fms-foerderverein.de\/de\/wp-content\/uploads\/2020\/01\/20190518_124453-1536x1152.jpg 1536w, https:\/\/fms-foerderverein.de\/de\/wp-content\/uploads\/2020\/01\/20190518_124453-2048x1536.jpg 2048w\" sizes=\"(max-width: 767px) 89vw, (max-width: 1000px) 54vw, (max-width: 1071px) 543px, 580px\" \/><\/figure><\/li><li class=\"blocks-gallery-item\"><figure><img loading=\"lazy\" width=\"1024\" height=\"768\" src=\"http:\/\/fms-foerderverein.de\/de\/wp-content\/uploads\/2020\/01\/20190518_124433-1024x768.jpg\" alt=\"\" data-id=\"315\" data-full-url=\"http:\/\/fms-foerderverein.de\/de\/wp-content\/uploads\/2020\/01\/20190518_124433-scaled.jpg\" data-link=\"http:\/\/fms-foerderverein.de\/de\/20190518_124433\/\" class=\"wp-image-315\" srcset=\"https:\/\/fms-foerderverein.de\/de\/wp-content\/uploads\/2020\/01\/20190518_124433-1024x768.jpg 1024w, https:\/\/fms-foerderverein.de\/de\/wp-content\/uploads\/2020\/01\/20190518_124433-300x225.jpg 300w, https:\/\/fms-foerderverein.de\/de\/wp-content\/uploads\/2020\/01\/20190518_124433-768x576.jpg 768w, https:\/\/fms-foerderverein.de\/de\/wp-content\/uploads\/2020\/01\/20190518_124433-1536x1152.jpg 1536w, https:\/\/fms-foerderverein.de\/de\/wp-content\/uploads\/2020\/01\/20190518_124433-2048x1536.jpg 2048w\" sizes=\"(max-width: 767px) 89vw, (max-width: 1000px) 54vw, (max-width: 1071px) 543px, 580px\" \/><\/figure><\/li><li class=\"blocks-gallery-item\"><figure><img loading=\"lazy\" width=\"1024\" height=\"768\" src=\"http:\/\/fms-foerderverein.de\/de\/wp-content\/uploads\/2020\/01\/20190518_124438-1024x768.jpg\" alt=\"\" data-id=\"316\" data-full-url=\"http:\/\/fms-foerderverein.de\/de\/wp-content\/uploads\/2020\/01\/20190518_124438-scaled.jpg\" data-link=\"http:\/\/fms-foerderverein.de\/de\/20190518_124438\/\" class=\"wp-image-316\" srcset=\"https:\/\/fms-foerderverein.de\/de\/wp-content\/uploads\/2020\/01\/20190518_124438-1024x768.jpg 1024w, https:\/\/fms-foerderverein.de\/de\/wp-content\/uploads\/2020\/01\/20190518_124438-300x225.jpg 300w, https:\/\/fms-foerderverein.de\/de\/wp-content\/uploads\/2020\/01\/20190518_124438-768x576.jpg 768w, https:\/\/fms-foerderverein.de\/de\/wp-content\/uploads\/2020\/01\/20190518_124438-1536x1152.jpg 1536w, https:\/\/fms-foerderverein.de\/de\/wp-content\/uploads\/2020\/01\/20190518_124438-2048x1536.jpg 2048w\" sizes=\"(max-width: 767px) 89vw, (max-width: 1000px) 54vw, (max-width: 1071px) 543px, 580px\" \/><\/figure><\/li><\/ul><\/figure>\n\n\n\n<h2>Pfandflaschen sammeln<\/h2>\n\n\n\n<p>Der inhabergef\u00fchrte REWE-Markt in St\u00f6tteritz sammelt weiterhin f\u00fcr uns Flaschenpfand. <br>Wer uns unterst\u00fctzen m\u00f6chte, stecke Bons in den gr\u00fcnen Briefkasten am Leergutautomat im Kasssenbereich. Herr Sachsenweger (Inhaber) unterst\u00fctzt seit 2020 zur H\u00e4lfte unseren F\u00f6rderverein und zur H\u00e4lfte die K\u00e4nguru-Kita in der Holzh\u00e4user Str. mit der Pfandspende.<\/p>\n\n\n\n<figure class=\"wp-block-image size-large\"><img loading=\"lazy\" width=\"1024\" height=\"683\" src=\"http:\/\/fms-foerderverein.de\/de\/wp-content\/uploads\/2020\/02\/IMG_8315-1024x683.jpg\" alt=\"\" class=\"wp-image-363\" srcset=\"https:\/\/fms-foerderverein.de\/de\/wp-content\/uploads\/2020\/02\/IMG_8315-1024x683.jpg 1024w, https:\/\/fms-foerderverein.de\/de\/wp-content\/uploads\/2020\/02\/IMG_8315-300x200.jpg 300w, https:\/\/fms-foerderverein.de\/de\/wp-content\/uploads\/2020\/02\/IMG_8315-768x512.jpg 768w, https:\/\/fms-foerderverein.de\/de\/wp-content\/uploads\/2020\/02\/IMG_8315-1536x1024.jpg 1536w, https:\/\/fms-foerderverein.de\/de\/wp-content\/uploads\/2020\/02\/IMG_8315-2048x1365.jpg 2048w\" sizes=\"(max-width: 767px) 89vw, (max-width: 1000px) 54vw, (max-width: 1071px) 543px, 580px\" \/><figcaption>Wir freuen uns \u00fcber Ihre Pfandspende im REWE Markt St\u00f6tteritz!<\/figcaption><\/figure>\n\n\n\n<p>Die Informationen \u00fcber die H\u00f6he der Pfandspenden ver\u00f6ffentlichen wir in regelm\u00e4\u00dfigen Abst\u00e4nden an unserer Infotafel im Schulfoyer.<\/p>\n","protected":false},"excerpt":{"rendered":"<p>Sie m\u00f6chten unseren Verein mit Ihrer Mitarbeit unterst\u00fctzen, oder uns &#8222;einfach nur&#8220; finanziell unter die Arme greifen? Dar\u00fcber freuen wir uns sehr! Wir freuen uns, wenn Sie Kontakt zu uns aufnehmen, damit wir \u00fcber Details sprechen k\u00f6nnen. Mach\u00b4s wie wir, mach mit! Spenden Schreiben Sie uns einfach eine kurze Mail (info@fms-foerderverein.de) mit Ihrem Anliegen und &hellip; <\/p>\n<p class=\"link-more\"><a href=\"https:\/\/fms-foerderverein.de\/de\/mitmachen-unterstuetzen\/\" class=\"more-link\"><span class=\"screen-reader-text\">\u201eWie kann ich den Verein unterst\u00fctzen?\u201c<\/span> weiterlesen<\/a><\/p>\n","protected":false},"author":1,"featured_media":0,"parent":0,"menu_order":0,"comment_status":"closed","ping_status":"closed","template":"","meta":{"_EventAllDay":false,"_EventTimezone":"","_EventStartDate":"","_EventEndDate":"","_EventStartDateUTC":"","_EventEndDateUTC":"","_EventShowMap":false,"_EventShowMapLink":false,"_EventURL":"","_EventCost":"","_EventCostDescription":"","_EventCurrencySymbol":"","_EventCurrencyCode":"","_EventCurrencyPosition":"","_EventDateTimeSeparator":"","_EventTimeRangeSeparator":"","_EventOrganizerID":[],"_EventVenueID":0,"_OrganizerEmail":"","_OrganizerPhone":"","_OrganizerWebsite":"","_VenueAddress":"","_VenueCity":"","_VenueCountry":"","_VenueProvince":"","_VenueZip":"","_VenuePhone":"","_VenueURL":"","_VenueStateProvince":"","_VenueLat":"","_VenueLng":""},"_links":{"self":[{"href":"https:\/\/fms-foerderverein.de\/de\/wp-json\/wp\/v2\/pages\/208"}],"collection":[{"href":"https:\/\/fms-foerderverein.de\/de\/wp-json\/wp\/v2\/pages"}],"about":[{"href":"https:\/\/fms-foerderverein.de\/de\/wp-json\/wp\/v2\/types\/page"}],"author":[{"embeddable":true,"href":"https:\/\/fms-foerderverein.de\/de\/wp-json\/wp\/v2\/users\/1"}],"replies":[{"embeddable":true,"href":"https:\/\/fms-foerderverein.de\/de\/wp-json\/wp\/v2\/comments?post=208"}],"version-history":[{"count":15,"href":"https:\/\/fms-foerderverein.de\/de\/wp-json\/wp\/v2\/pages\/208\/revisions"}],"predecessor-version":[{"id":586,"href":"https:\/\/fms-foerderverein.de\/de\/wp-json\/wp\/v2\/pages\/208\/revisions\/586"}],"wp:attachment":[{"href":"https:\/\/fms-foerderverein.de\/de\/wp-json\/wp\/v2\/media?parent=208"}],"curies":[{"name":"wp","href":"https:\/\/api.w.org\/{rel}","templated":true}]}}